{"id":5,"date":"2021-02-19T07:53:11","date_gmt":"2021-02-19T07:53:11","guid":{"rendered":"https:\/\/netmk.cz\/wordpress\/?page_id=5"},"modified":"2024-03-12T16:56:15","modified_gmt":"2024-03-12T15:56:15","slug":"create-your-website-with-blocks","status":"publish","type":"page","link":"https:\/\/netmk.cz\/","title":{"rendered":"P\u0159ipojen\u00ed k internetu"},"content":{"rendered":"\n<h2 class=\"wp-block-heading alignwide has-text-align-wide has-gigantic-font-size\" style=\"line-height:1.1\">BEZDR\u00c1T<\/h2>\n\n\n\n<div style=\"height:100px\" aria-hidden=\"true\" class=\"wp-block-spacer\"><\/div>\n\n\n\n<div class=\"wp-block-columns alignwide are-vertically-aligned-center is-style-twentytwentyone-columns-overlap is-layout-flex wp-container-core-columns-is-layout-9d6595d7 wp-block-columns-is-layout-flex\">\n<div class=\"wp-block-column is-vertically-aligned-center is-layout-flow wp-block-column-is-layout-flow\">\n<figure class=\"wp-block-table is-style-stripes\"><table><tbody><tr><td class=\"has-text-align-center\" data-align=\"center\">TARIF<\/td><td class=\"has-text-align-center\" data-align=\"center\">MAXIM\u00c1LN\u00cd RYCHLOST<\/td><td class=\"has-text-align-center\" data-align=\"center\">CENA<\/td><\/tr><tr><td class=\"has-text-align-center\" data-align=\"center\">WIFI40<\/td><td class=\"has-text-align-center\" data-align=\"center\">40Mbps<\/td><td class=\"has-text-align-center\" data-align=\"center\">595 K\u010d<\/td><\/tr><tr><td class=\"has-text-align-center\" data-align=\"center\">WIFI30<\/td><td class=\"has-text-align-center\" data-align=\"center\">30Mbps<\/td><td class=\"has-text-align-center\" data-align=\"center\">495 K\u010d<\/td><\/tr><tr><td class=\"has-text-align-center\" data-align=\"center\">WIFI20<\/td><td class=\"has-text-align-center\" data-align=\"center\">20Mbps<\/td><td class=\"has-text-align-center\" data-align=\"center\">395 K\u010d<\/td><\/tr><tr><td class=\"has-text-align-center\" data-align=\"center\">WIFI10<\/td><td class=\"has-text-align-center\" data-align=\"center\">10Mbps<\/td><td class=\"has-text-align-center\" data-align=\"center\">295 K\u010d<\/td><\/tr><\/tbody><\/table><\/figure>\n\n\n\n<div class=\"wp-block-buttons is-layout-flex wp-block-buttons-is-layout-flex\">\n<div class=\"wp-block-button\"><a class=\"wp-block-button__link wp-element-button\" href=\"https:\/\/netmk.cz\/?page_id=7\">Zanechte n\u00e1m zpr\u00e1vu<\/a><\/div>\n<\/div>\n<\/div>\n\n\n\n<div class=\"wp-block-column is-vertically-aligned-center is-layout-flow wp-block-column-is-layout-flow\">\n<div style=\"height:362px\" aria-hidden=\"true\" class=\"wp-block-spacer\"><\/div>\n\n\n\n<div class=\"wp-block-buttons is-layout-flex wp-block-buttons-is-layout-flex\"><\/div>\n<\/div>\n<\/div>\n\n\n\n<div style=\"height:50px\" aria-hidden=\"true\" class=\"wp-block-spacer\"><\/div>\n\n\n\n<div class=\"wp-block-columns alignwide are-vertically-aligned-top is-layout-flex wp-container-core-columns-is-layout-9d6595d7 wp-block-columns-is-layout-flex\">\n<div class=\"wp-block-column is-vertically-aligned-top is-layout-flow wp-block-column-is-layout-flow\">\n<h3 class=\"wp-block-heading\">P\u0159\u00edstup<\/h3>\n\n\n\n<p>Ke ka\u017ed\u00e9mu se sna\u017e\u00edme p\u0159istupovat individu\u00e1ln\u011b a v\u017edy vyhov\u011bt Va\u0161im po\u017eadavk\u016fm, pokud je to v na\u0161ich sil\u00e1ch.<\/p>\n<\/div>\n\n\n\n<div class=\"wp-block-column is-vertically-aligned-top is-layout-flow wp-block-column-is-layout-flow\">\n<h3 class=\"wp-block-heading\">Podpora<\/h3>\n\n\n\n<p>Nab\u00edz\u00edme V\u00e1m telefonickou i e-mailovou podporu nejen k na\u0161im slu\u017eb\u00e1m, ale i k Va\u0161\u00ed v\u00fdpo\u010detn\u00ed technice.<\/p>\n<\/div>\n\n\n\n<div class=\"wp-block-column is-vertically-aligned-top is-layout-flow wp-block-column-is-layout-flow\">\n<h3 class=\"wp-block-heading\">Nab\u00eddka<\/h3>\n\n\n\n<p>Text<\/p>\n<\/div>\n<\/div>\n\n\n\n<div style=\"height:100px\" aria-hidden=\"true\" class=\"wp-block-spacer\"><\/div>\n\n\n\n<div class=\"wp-block-cover alignwide is-light is-style-twentytwentyone-border\"><span aria-hidden=\"true\" class=\"wp-block-cover__background has-green-background-color has-background-dim-100 has-background-dim\"><\/span><div class=\"wp-block-cover__inner-container is-layout-flow wp-block-cover-is-layout-flow\">\n<div style=\"height:20px\" aria-hidden=\"true\" class=\"wp-block-spacer\"><\/div>\n\n\n\n<p class=\"has-huge-font-size\">Pot\u0159ebujete podporu?<\/p>\n\n\n\n<div style=\"height:75px\" aria-hidden=\"true\" class=\"wp-block-spacer\"><\/div>\n\n\n\n<div class=\"wp-block-columns is-layout-flex wp-container-core-columns-is-layout-9d6595d7 wp-block-columns-is-layout-flex\">\n<div class=\"wp-block-column is-layout-flow wp-block-column-is-layout-flow\">\n<p><a href=\"https:\/\/netmk.cz\/?page_id=7\" data-type=\"page\">Kontaktujte n\u00e1s<\/a><\/p>\n<\/div>\n\n\n\n<div class=\"wp-block-column is-layout-flow wp-block-column-is-layout-flow\">\n<p><a href=\"https:\/\/netmk.cz\/?page_id=2\" data-type=\"page\">Prohl\u00e9dn\u011bte si dokumenty k na\u0161im slu\u017eb\u00e1m<\/a><\/p>\n<\/div>\n<\/div>\n\n\n\n<div style=\"height:20px\" aria-hidden=\"true\" class=\"wp-block-spacer\"><\/div>\n<\/div><\/div>\n","protected":false},"excerpt":{"rendered":"<p>BEZDR\u00c1T TARIF MAXIM\u00c1LN\u00cd RYCHLOST CENA WIFI40 40Mbps 595 K\u010d WIFI30 30Mbps 495 K\u010d WIFI20 20Mbps 395 K\u010d WIFI10 10Mbps 295 K\u010d P\u0159\u00edstup Ke ka\u017ed\u00e9mu se sna\u017e\u00edme p\u0159istupovat individu\u00e1ln\u011b a v\u017edy vyhov\u011bt Va\u0161im po\u017eadavk\u016fm, pokud je to v na\u0161ich sil\u00e1ch. Podpora Nab\u00edz\u00edme V\u00e1m telefonickou i e-mailovou podporu nejen k na\u0161im slu\u017eb\u00e1m, ale i k Va\u0161\u00ed v\u00fdpo\u010detn\u00ed&hellip; <a class=\"more-link\" href=\"https:\/\/netmk.cz\/\">Pokra\u010dovat ve\u00a0\u010dten\u00ed <span class=\"screen-reader-text\">P\u0159ipojen\u00ed k internetu<\/span><\/a><\/p>\n","protected":false},"author":1,"featured_media":0,"parent":0,"menu_order":0,"comment_status":"closed","ping_status":"closed","template":"","meta":{"footnotes":""},"class_list":["post-5","page","type-page","status-publish","hentry","entry"],"jetpack_sharing_enabled":true,"_links":{"self":[{"href":"https:\/\/netmk.cz\/index.php?rest_route=\/wp\/v2\/pages\/5","targetHints":{"allow":["GET"]}}],"collection":[{"href":"https:\/\/netmk.cz\/index.php?rest_route=\/wp\/v2\/pages"}],"about":[{"href":"https:\/\/netmk.cz\/index.php?rest_route=\/wp\/v2\/types\/page"}],"author":[{"embeddable":true,"href":"https:\/\/netmk.cz\/index.php?rest_route=\/wp\/v2\/users\/1"}],"replies":[{"embeddable":true,"href":"https:\/\/netmk.cz\/index.php?rest_route=%2Fwp%2Fv2%2Fcomments&post=5"}],"version-history":[{"count":6,"href":"https:\/\/netmk.cz\/index.php?rest_route=\/wp\/v2\/pages\/5\/revisions"}],"predecessor-version":[{"id":85,"href":"https:\/\/netmk.cz\/index.php?rest_route=\/wp\/v2\/pages\/5\/revisions\/85"}],"wp:attachment":[{"href":"https:\/\/netmk.cz\/index.php?rest_route=%2Fwp%2Fv2%2Fmedia&parent=5"}],"curies":[{"name":"wp","href":"https:\/\/api.w.org\/{rel}","templated":true}]}}