{"id":2,"date":"2021-02-19T07:46:13","date_gmt":"2021-02-19T07:46:13","guid":{"rendered":"https:\/\/netmk.cz\/wordpress\/?page_id=2"},"modified":"2021-02-19T17:40:38","modified_gmt":"2021-02-19T16:40:38","slug":"sample-page","status":"publish","type":"page","link":"https:\/\/netmk.cz\/?page_id=2","title":{"rendered":"Dokumenty"},"content":{"rendered":"\n<p><a href=\"https:\/\/netmk.cz\/dokumenty\/Cenik.pdf\" target=\"_blank\" rel=\"noreferrer noopener\">Cen\u00edk<\/a><\/p>\n\n\n\n<p><a href=\"https:\/\/netmk.cz\/dokumenty\/Uzivatelska_smlouva.pdf\" target=\"_blank\" rel=\"noreferrer noopener\">N\u00e1vrh smlouvy<\/a><\/p>\n\n\n\n<p><a href=\"https:\/\/netmk.cz\/dokumenty\/Technicke_specifikace.pdf\" target=\"_blank\" rel=\"noreferrer noopener\">Technick\u00e9 specifikace<\/a><\/p>\n\n\n\n<p><a rel=\"noreferrer noopener\" href=\"https:\/\/netmk.cz\/dokumenty\/Obchodni_podminky.pdf\" target=\"_blank\">Obchodn\u00ed podm\u00ednky<\/a><\/p>\n\n\n\n<p><a rel=\"noreferrer noopener\" href=\"http:\/\/netmk.cz\/dokumenty\/IPTV_Vseobecne_podminky.pdf\" target=\"_blank\">IPTV v\u0161eobecn\u00e9 podm\u00ednky<\/a><\/p>\n\n\n\n<p><a href=\"http:\/\/netmk.cz\/dokumenty\/Reklamacni_rad.pdf\" target=\"_blank\" rel=\"noreferrer noopener\">Reklama\u010dn\u00ed \u0159\u00e1d<\/a><\/p>\n\n\n\n<p><a rel=\"noreferrer noopener\" href=\"https:\/\/netmk.cz\/dokumenty\/CTU-rozhrani.pdf\" data-type=\"page\" target=\"_blank\">Rozhran\u00ed s\u00edt\u011b<\/a><\/p>\n\n\n\n<p><a href=\"https:\/\/netmk.cz\/dokumenty\/GDPR.pdf\" target=\"_blank\" rel=\"noreferrer noopener\">Z\u00e1sady zpracov\u00e1n\u00ed osobn\u00edch \u00fadaj\u016f<\/a><\/p>\n\n\n\n<p><\/p>\n","protected":false},"excerpt":{"rendered":"<p>Cen\u00edk N\u00e1vrh smlouvy Technick\u00e9 specifikace Obchodn\u00ed podm\u00ednky IPTV v\u0161eobecn\u00e9 podm\u00ednky Reklama\u010dn\u00ed \u0159\u00e1d Rozhran\u00ed s\u00edt\u011b Z\u00e1sady zpracov\u00e1n\u00ed osobn\u00edch \u00fadaj\u016f<\/p>\n","protected":false},"author":1,"featured_media":0,"parent":0,"menu_order":0,"comment_status":"closed","ping_status":"open","template":"","meta":{"footnotes":""},"class_list":["post-2","page","type-page","status-publish","hentry","entry"],"jetpack_sharing_enabled":true,"_links":{"self":[{"href":"https:\/\/netmk.cz\/index.php?rest_route=\/wp\/v2\/pages\/2","targetHints":{"allow":["GET"]}}],"collection":[{"href":"https:\/\/netmk.cz\/index.php?rest_route=\/wp\/v2\/pages"}],"about":[{"href":"https:\/\/netmk.cz\/index.php?rest_route=\/wp\/v2\/types\/page"}],"author":[{"embeddable":true,"href":"https:\/\/netmk.cz\/index.php?rest_route=\/wp\/v2\/users\/1"}],"replies":[{"embeddable":true,"href":"https:\/\/netmk.cz\/index.php?rest_route=%2Fwp%2Fv2%2Fcomments&post=2"}],"version-history":[{"count":13,"href":"https:\/\/netmk.cz\/index.php?rest_route=\/wp\/v2\/pages\/2\/revisions"}],"predecessor-version":[{"id":45,"href":"https:\/\/netmk.cz\/index.php?rest_route=\/wp\/v2\/pages\/2\/revisions\/45"}],"wp:attachment":[{"href":"https:\/\/netmk.cz\/index.php?rest_route=%2Fwp%2Fv2%2Fmedia&parent=2"}],"curies":[{"name":"wp","href":"https:\/\/api.w.org\/{rel}","templated":true}]}}